{"id":2547,"date":"2024-10-29T11:45:23","date_gmt":"2024-10-29T11:45:23","guid":{"rendered":"https:\/\/legally-designed.com\/polityka-prywatnosci\/"},"modified":"2025-04-10T13:29:52","modified_gmt":"2025-04-10T13:29:52","slug":"polityka-prywatnosci","status":"publish","type":"page","link":"https:\/\/legally-designed.com\/en\/polityka-prywatnosci\/","title":{"rendered":"Polityka prywatno\u015bci Legally Designed"},"content":{"rendered":"\n<h2 class=\"wp-block-heading\"><strong>Czym jest ten dokument?<\/strong><\/h2>\n\n\n\n<p>Jest to zbi\u00f3r zasad dotycz\u0105cych ochrony Twojej prywatno\u015bci w naszym serwisie. Opisujemy sposoby zbierania Twoich danych, to, jak z nich korzystamy, a tak\u017ce komu i na jakich zasadach mo\u017cemy je przekazywa\u0107. Piszemy te\u017c o prawach i mo\u017cliwo\u015bciach, jakie Ci przys\u0142uguj\u0105.<\/p>\n\n\n\n<h2 class=\"wp-block-heading\"><strong>Czym s\u0105 dane osobowe?<\/strong><\/h2>\n\n\n\n<p>To wszelkie dane, kt\u00f3re dotycz\u0105 zidentyfikowanej lub mo\u017cliwej do zidentyfikowania osoby fizycznej. To tak\u017ce dane, kt\u00f3re s\u0105 powi\u0105zane lub mo\u017cliwe do powi\u0105zania z tak\u0105 osob\u0105.&nbsp;<\/p>\n\n\n\n<p>Dane osobowe to nie tylko imi\u0119 i nazwisko. Danymi osobowymi mog\u0105 by\u0107 te\u017c dane, kt\u00f3re nie pozwalaj\u0105 na bezpo\u015bredni\u0105 identyfikacj\u0119, ale mog\u0105 by\u0107 u\u017cyte do takiej identyfikacji, jak np. numer seryjny Twojego urz\u0105dzenia.<\/p>\n\n\n\n<p>Dane osobowe s\u0105 niezale\u017cne od miejsca zamieszkania okre\u015blonej osoby.<\/p>\n\n\n\n<h2 class=\"wp-block-heading\"><strong>Ochrona prywatno\u015bci w Legally Designed\u00a0<\/strong><\/h2>\n\n\n\n<p>Zapewnienie bezpiecze\u0144stwa Twoich danych to nasz priorytet. U\u017cywamy zabezpiecze\u0144 technicznych, administracyjnych i fizycznych w celu ich ochrony przed nieuprawnionym dost\u0119pem. Uwzgl\u0119dniamy przy tym charakter danych osobowych, sposoby ich przetwarzania oraz stopie\u0144 zagro\u017cenia.<\/p>\n\n\n\n<p>Wszelkie wymogi i wytyczne dotycz\u0105ce ochrony danych osobowych s\u0105 na bie\u017c\u0105co przekazywane naszym pracownikom i wsp\u00f3\u0142pracownikom. Bezwzgl\u0119dnie egzekwujemy ich przestrzeganie.<\/p>\n\n\n\n<h2 class=\"wp-block-heading\"><strong>Masz prawo do prywatno\u015bci<\/strong><\/h2>\n\n\n\n<p>Szanujemy Twoj\u0105 prywatno\u015b\u0107, dlatego masz nieograniczone prawo dost\u0119pu do swoich danych osobowych. Masz r\u00f3wnie\u017c prawo do wgl\u0105du do swoich danych osobowych, mo\u017cesz je poprawia\u0107 lub uzupe\u0142nia\u0107, \u017c\u0105dania ograniczenia ich przetwarzania lub usuni\u0119cia b\u0105d\u017a wyra\u017cenia sprzeciwu wobec przetwarzania.&nbsp;<\/p>\n\n\n\n<p>W ka\u017cdym czasie mo\u017cesz wycofa\u0107 zgod\u0119 na przetwarzanie swoich danych.&nbsp;<\/p>\n\n\n\n<p>Przys\u0142uguje Ci r\u00f3wnie\u017c prawo do z\u0142o\u017cenia skargi do w\u0142a\u015bciwego organu regulacyjnego &#8211; Prezesa Urz\u0119du Ochrony Danych Osobowych.<\/p>\n\n\n\n<p>W sprawie swoich danych osobowych mo\u017cesz si\u0119 z nami skontaktowa\u0107 pod adresem korespondencyjnym albo wys\u0142a\u0107 e-mail na adres: <a href=\"mailto:hello@legally-designed.com\">hello@legally-designed.com<\/a>.<\/p>\n\n\n\n<p>Pami\u0119taj: nie zawsze b\u0119dziemy mogli zrealizowa\u0107 Tw\u00f3j wniosek. S\u0105 sytuacje, kiedy musimy przechowywa\u0107 dane osobowe, bo wymagaj\u0105 tego od nas przepisy.&nbsp;<\/p>\n\n\n\n<h2 class=\"wp-block-heading\"><strong>Kto jest administratorem Twoich danych osobowych?<\/strong><\/h2>\n\n\n\n<p>My czyli Legally Designed Sp. z o. o. Nasz NIP to: 5273140470, a KRS: 0001140285.<\/p>\n\n\n\n<p>Mo\u017cesz nas znale\u017a\u0107 przy Alei Jana Paw\u0142a II 27 w Warszawie (00-867).<\/p>\n\n\n\n<p><strong>Co to oznacza? <\/strong>Decydujemy o celach i sposobach przetwarzania danych tj. o post\u0119powaniu z Twoimi danymi.<\/p>\n\n\n\n<h2 class=\"wp-block-heading\"><strong>Jakie dane przetwarzamy?<\/strong><\/h2>\n\n\n\n<p><strong>Dane kontaktowe <\/strong>czyli imi\u0119 i nazwisko, adres e-mail, numer telefonu lub inne informacje kontaktowe.<\/p>\n\n\n\n<p><strong>Informacje o urz\u0105dzeniu<\/strong> czyli dane umo\u017cliwiaj\u0105ce identyfikacj\u0119 Twojego urz\u0105dzenia lub dane o urz\u0105dzeniu (np. rodzaj u\u017cywanej przegl\u0105darki).<\/p>\n\n\n\n<p><strong>Informacje o aktywno\u015bci w naszym serwisie<\/strong> czyli historia odwiedzonych stron i podstron, czas korzystania ze stron i podstron, dane dotycz\u0105ce wydajno\u015bci, dane o lokalizacji urz\u0105dzenia oraz inne dane u\u017cycia.<\/p>\n\n\n\n<p><strong>Inne dane<\/strong> czyli wszelkie informacje, jakie nam przekazujesz podczas kontaktu, w tym podczas kontaktu za po\u015brednictwem medi\u00f3w spo\u0142eczno\u015bciowych.<\/p>\n\n\n\n<p><strong>Pami\u0119taj:<\/strong> podanie nam danych jest dobrowolne i nie musisz tego robi\u0107, jednak w wielu przypadkach nie b\u0119dziesz m\u00f3g\u0142 skorzysta\u0107 z naszych us\u0142ug ani nie b\u0119dziemy mogli odpowiedzie\u0107 na Twoje zapytanie. Podanie danych mo\u017ce by\u0107 niezb\u0119dne do wykonania us\u0142ugi na Twoj\u0105 rzecz.<\/p>\n\n\n\n<h2 class=\"wp-block-heading\"><strong>W jakich celach korzystamy z Twoich danych?<\/strong><\/h2>\n\n\n\n<p>Korzystamy z Twoich danych tylko wtedy, kiedy mamy do tego podstaw\u0119 prawn\u0105. Bazujemy na Twojej zgodzie albo na fakcie, \u017ce podanie nam danych jest niezb\u0119dne do wykonania \u0142\u0105cz\u0105cej nas umowy lub do zachowania zgodno\u015bci z obowi\u0105zuj\u0105cymi przepisami prawa.&nbsp;<\/p>\n\n\n\n<p>Mo\u017cemy przetwarza\u0107 Twoje dane ilekro\u0107 uznamy, \u017ce le\u017cy to w naszym uzasadnionym interesie lub w interesie innych os\u00f3b. Zawsze mamy na uwadze Twoje i nasze interesy, ale tak\u017ce interesy innych os\u00f3b.&nbsp;<\/p>\n\n\n\n<h2 class=\"wp-block-heading\"><strong>G\u0142\u00f3wne cele, dla jakich przetwarzamy Twoje dane osobowe to:<\/strong><\/h2>\n\n\n\n<p><strong>\u015awiadczenie przez nas us\u0142ug na Twoj\u0105 rzecz, <\/strong>np. us\u0142ugi newsletter.<\/p>\n\n\n\n<p><strong>Komunikacja, <\/strong>np. wymiana wiadomo\u015bci e-mail.<\/p>\n\n\n\n<p><strong>Zapewnienie bezpiecze\u0144stwa Tobie lub innym u\u017cytkownikom, <\/strong>np. zg\u0142oszenie podejrzenia pr\u00f3by oszustwa.<\/p>\n\n\n\n<p><strong>Wykonanie obowi\u0105zk\u00f3w wynikaj\u0105cych z przepis\u00f3w prawa, <\/strong>np. dotycz\u0105cych obowi\u0105zk\u00f3w podatkowych czy sprawozdawczych.<strong>&nbsp;<\/strong><\/p>\n\n\n\n<p>Nie stosujemy algorytm\u00f3w ani mechanizm\u00f3w profilowania danych osobowych.&nbsp;<\/p>\n\n\n\n<h2 class=\"wp-block-heading\"><strong>Jak d\u0142ugo przechowujemy Twoje dane osobowe?<\/strong><\/h2>\n\n\n\n<p>Dane s\u0105 przez nas przechowywane przez okres niezb\u0119dny do realizacji cel\u00f3w, dla jakich zosta\u0142y zebrane, a o kt\u00f3rych piszemy w tym dokumencie.<\/p>\n\n\n\n<p>Przechowujemy te\u017c dane osobowe przez okres wymagany przepisami prawa, np. prawa podatkowego lub dotycz\u0105cych przedawnienia roszcze\u0144.<\/p>\n\n\n\n<h2 class=\"wp-block-heading\"><strong>Komu mo\u017cemy przekazywa\u0107 Twoje dane osobowe?<\/strong><\/h2>\n\n\n\n<p>S\u0105 to przede wszystkim podmioty, z kt\u00f3rymi wsp\u00f3\u0142pracujemy w zakresie utrzymania strony internetowej czy us\u0142ug hostingu. Dane przekazujemy tak\u017ce podmiotom \u015bwiadcz\u0105cym na nasz\u0105 rzecz us\u0142ugi ksi\u0119gowe, doradcze czy marketingowe.\u00a0<\/p>\n\n\n\n<p>Dane mog\u0105 by\u0107 tak\u017ce przekazane do naszych us\u0142ugodawc\u00f3w, np. w zakresie us\u0142ugi newsletter.&nbsp;<\/p>\n\n\n\n<p>Z danych osobowych korzystaj\u0105 r\u00f3wnie\u017c nasi upowa\u017cnieni pracownicy i wsp\u00f3\u0142pracownicy.<\/p>\n\n\n\n<p>Zapewniamy, \u017ce wszystkie podmioty, kt\u00f3rym przekazujemy Twoje dane osobowe, przetwarzaj\u0105 je zgodnie z prawem i dochowuj\u0105 najwy\u017cszej staranno\u015bci w zakresie ich ochrony.<\/p>\n\n\n\n<p><strong>Przekazywanie danych osobowych do pa\u0144stw trzecich<\/strong><\/p>\n\n\n\n<p>Nie przekazujemy Twoich danych osobowych do pa\u0144stw trzecich czyli znajduj\u0105cych si\u0119 poza obszarem Europejskiego Obszaru Gospodarczego.<\/p>\n\n\n\n<h2 class=\"wp-block-heading\"><strong>Pliki cookie<\/strong><\/h2>\n\n\n\n<p>Pliki cookie (tzw. \u201eciasteczka\u201d) stanowi\u0105 dane informatyczne, w szczeg\u00f3lno\u015bci pliki tekstowe, kt\u00f3re przechowywane s\u0105 w Twoim urz\u0105dzeniu ko\u0144cowym i przeznaczone s\u0105 do korzystania ze stron internetowych naszego serwisu. Cookie zazwyczaj zawieraj\u0105 nazw\u0119 strony internetowej, z kt\u00f3rej pochodz\u0105, czas przechowywania ich na urz\u0105dzeniu ko\u0144cowym oraz unikalny numer.<\/p>\n\n\n\n<p>W naszym serwisie gromadzimy dane cookie. S\u0105 w\u015br\u00f3d nich informacje o Twojej wizycie w naszym serwisie (informacje o urz\u0105dzeniu, przegl\u0105darka wykorzystywana do korzystania z serwisu, lokalizacja, j\u0119zyk), a tak\u017ce sposobie poruszania si\u0119 po niej (m.in. wy\u015bwietlanie stron i podstron, czas sp\u0119dzony przez u\u017cytkownika na stronach i podstronach, zachowania u\u017cytkownika).<\/p>\n\n\n\n<p>Cookie pozwalaj\u0105 nam nie tylko na \u015bledzenie zachowa\u0144 u\u017cytkownik\u00f3w, ale te\u017c lepsze ich zrozumienie: dzi\u0119ki cookie wiemy, kt\u00f3re witryny s\u0105 najcz\u0119\u015bciej odwiedzane i mo\u017cemy dostosowywa\u0107 tre\u015bci i ofert\u0119 do potrzeb naszych u\u017cytkownik\u00f3w.<\/p>\n\n\n\n<p>Korzystamy z nast\u0119puj\u0105cych typ\u00f3w plik\u00f3w cookie:<\/p>\n\n\n\n<p><strong>Niezb\u0119dne <\/strong>czyli cookie, bez kt\u00f3rych nasz serwis nie mo\u017ce prawid\u0142owo dzia\u0142a\u0107.<\/p>\n\n\n\n<p><strong>Analityczne <\/strong>czyli cookie, kt\u00f3re pozwalaj\u0105 na przesy\u0142anie i gromadzenie anonimowych danych odno\u015bnie aktywno\u015bci u\u017cytkownika w naszym serwisie.<\/p>\n\n\n\n<p><strong>Funkcjonalne<\/strong> czyli cookie, kt\u00f3re przechowuj\u0105 informacje o wybranych ustawieniach, np. j\u0119zyku przegl\u0105darki.<\/p>\n\n\n\n<p><strong>Wydajno\u015bciowe<\/strong> czyli cookie, kt\u00f3re pozwalaj\u0105 na analiz\u0119 wydajno\u015bci naszego serwisu.<\/p>\n\n\n\n<p><strong>Reklamowe<\/strong> czyli cookie wykorzystywane do dopasowania tre\u015bci reklam do preferencji u\u017cytkownika naszego serwisu.<\/p>\n\n\n\n<p>Zawsze mo\u017cesz zrezygnowa\u0107 z u\u017cywania plik\u00f3w cookie. Aby to zrobi\u0107, wystarczy dokona\u0107 wyboru odpowiedniej opcji wy\u0142\u0105czenia cookie w swojej przegl\u0105darce internetowej. Zastrzegamy jednak, \u017ce mo\u017ce to powa\u017cnie utrudni\u0107, a w niekt\u00f3rych przypadkach nawet uniemo\u017cliwi\u0107 korzystanie z naszego serwisu.<\/p>\n\n\n\n<p>Wi\u0119cej informacji o wy\u0142\u0105czeniu cookie znajdziesz na stronach przegl\u0105darek:&nbsp;<\/p>\n\n\n\n<p>Microsoft Edge &#8211; <a href=\"https:\/\/support.microsoft.com\/pl-pl\/microsoft-edge\/usuwanie-plik%2525C3%2525B3w-cookie-w-przegl%2525C4%252585darce-microsoft-edge-63947406-40ac-c3b8-57b9-2a946a29ae09\">https:\/\/support.microsoft.com\/pl-pl\/microsoft-edge\/usuwanie-plik%C3%B3w-cookie-w-przegl%C4%85darce-microsoft-edge-63947406-40ac-c3b8-57b9-2a946a29ae09<\/a>&nbsp;<\/p>\n\n\n\n<p>Internet Explorer &#8211; <a href=\"https:\/\/support.microsoft.com\/pl-pl\/topic\/jak-usun%25C4%2585%25C4%2587-pliki-cookie-w-programie-internet-explorer-bca9446f-d873-78de-77ba-d42645fa52fc\">https:\/\/support.microsoft.com\/pl-pl\/topic\/jak-usun%C4%85%C4%87-pliki-cookie-w-programie-internet-explorer-bca9446f-d873-78de-77ba-d42645fa52fc<\/a> <\/p>\n\n\n\n<p>Chrome &#8211; <a href=\"http:\/\/support.google.com\/chrome\/bin\/answer.py?hl=pl&amp;answer=95647\">http:\/\/support.google.com\/chrome\/bin\/answer.py?hl=pl&amp;answer=95647<\/a><\/p>\n\n\n\n<p>Safari &#8211; <a href=\"https:\/\/support.apple.com\/pl-pl\/HT201265\">https:\/\/support.apple.com\/pl-pl\/HT201265<\/a><\/p>\n\n\n\n<p>Mozilla Firefox &#8211; <a href=\"http:\/\/support.mozilla.org\/pl\/kb\/ciasteczka\">http:\/\/support.mozilla.org\/pl\/kb\/ciasteczka<\/a><\/p>\n\n\n\n<p>Opera &#8211; <a href=\"http:\/\/help.opera.com\/Linux\/9.22\/pl\/cookies.html\">http:\/\/help.opera.com\/Linux\/9.22\/pl\/cookies.html<\/a><\/p>\n\n\n\n<h2 class=\"wp-block-heading\"><strong>Jak si\u0119 z nami skontaktowa\u0107?<\/strong><\/h2>\n\n\n\n<p>Jeste\u015bmy tutaj: Legally Designed Sp. z o. o., Aleja Jana Paw\u0142a II 27, 00-867 Warszawa.<\/p>\n\n\n\n<p>Mo\u017cesz te\u017c napisa\u0107 na nasz e-mail: hello@legally-designed.com.<\/p>\n","protected":false},"excerpt":{"rendered":"<p>Czym jest ten dokument? Jest to zbi\u00f3r zasad dotycz\u0105cych ochrony Twojej prywatno\u015bci w naszym serwisie. Opisujemy sposoby zbierania Twoich danych, to, jak z nich korzystamy, a tak\u017ce komu i na jakich zasadach mo\u017cemy je przekazywa\u0107. Piszemy te\u017c o prawach i mo\u017cliwo\u015bciach, jakie Ci przys\u0142uguj\u0105. Czym s\u0105 dane osobowe? To wszelkie dane, kt\u00f3re dotycz\u0105 zidentyfikowanej lub [&hellip;]<\/p>\n","protected":false},"author":1,"featured_media":0,"parent":0,"menu_order":99,"comment_status":"closed","ping_status":"closed","template":"","meta":{"footnotes":""},"class_list":["post-2547","page","type-page","status-publish","hentry"],"acf":[],"yoast_head":"<!-- This site is optimized with the Yoast SEO plugin v27.2 - https:\/\/yoast.com\/product\/yoast-seo-wordpress\/ -->\n<title>Polityka prywatno\u015bci Legally Designed - Legally Designed<\/title>\n<meta name=\"robots\" content=\"index, follow, max-snippet:-1, max-image-preview:large, max-video-preview:-1\" \/>\n<link rel=\"canonical\" href=\"https:\/\/legally-designed.com\/en\/polityka-prywatnosci\/\" \/>\n<meta property=\"og:locale\" content=\"en_US\" \/>\n<meta property=\"og:type\" content=\"article\" \/>\n<meta property=\"og:title\" content=\"Polityka prywatno\u015bci Legally Designed - Legally Designed\" \/>\n<meta property=\"og:description\" content=\"Czym jest ten dokument? Jest to zbi\u00f3r zasad dotycz\u0105cych ochrony Twojej prywatno\u015bci w naszym serwisie. Opisujemy sposoby zbierania Twoich danych, to, jak z nich korzystamy, a tak\u017ce komu i na jakich zasadach mo\u017cemy je przekazywa\u0107. Piszemy te\u017c o prawach i mo\u017cliwo\u015bciach, jakie Ci przys\u0142uguj\u0105. Czym s\u0105 dane osobowe? To wszelkie dane, kt\u00f3re dotycz\u0105 zidentyfikowanej lub [&hellip;]\" \/>\n<meta property=\"og:url\" content=\"https:\/\/legally-designed.com\/en\/polityka-prywatnosci\/\" \/>\n<meta property=\"og:site_name\" content=\"Legally Designed\" \/>\n<meta property=\"article:publisher\" content=\"https:\/\/www.facebook.com\/profile.php?id=61565695746356\" \/>\n<meta property=\"article:modified_time\" content=\"2025-04-10T13:29:52+00:00\" \/>\n<meta name=\"twitter:card\" content=\"summary_large_image\" \/>\n<meta name=\"twitter:label1\" content=\"Est. reading time\" \/>\n\t<meta name=\"twitter:data1\" content=\"7 minutes\" \/>\n<script type=\"application\/ld+json\" class=\"yoast-schema-graph\">{\"@context\":\"https:\/\/schema.org\",\"@graph\":[{\"@type\":\"WebPage\",\"@id\":\"https:\/\/legally-designed.com\/en\/polityka-prywatnosci\/\",\"url\":\"https:\/\/legally-designed.com\/en\/polityka-prywatnosci\/\",\"name\":\"Polityka prywatno\u015bci Legally Designed - Legally Designed\",\"isPartOf\":{\"@id\":\"https:\/\/legally-designed.com\/#website\"},\"datePublished\":\"2024-10-29T11:45:23+00:00\",\"dateModified\":\"2025-04-10T13:29:52+00:00\",\"breadcrumb\":{\"@id\":\"https:\/\/legally-designed.com\/en\/polityka-prywatnosci\/#breadcrumb\"},\"inLanguage\":\"en-US\",\"potentialAction\":[{\"@type\":\"ReadAction\",\"target\":[\"https:\/\/legally-designed.com\/en\/polityka-prywatnosci\/\"]}]},{\"@type\":\"BreadcrumbList\",\"@id\":\"https:\/\/legally-designed.com\/en\/polityka-prywatnosci\/#breadcrumb\",\"itemListElement\":[{\"@type\":\"ListItem\",\"position\":1,\"name\":\"Strona g\u0142\u00f3wna\",\"item\":\"https:\/\/legally-designed.com\/en\/\"},{\"@type\":\"ListItem\",\"position\":2,\"name\":\"Polityka prywatno\u015bci Legally Designed\"}]},{\"@type\":\"WebSite\",\"@id\":\"https:\/\/legally-designed.com\/#website\",\"url\":\"https:\/\/legally-designed.com\/\",\"name\":\"Legally Designed\",\"description\":\"Wsp\u00f3\u0142pracuj z nami, aby budowa\u0107 biznes przysz\u0142o\u015bci, wprowadza\u0107 zr\u00f3wnowa\u017cony wzrost i wyr\u00f3\u017cnia\u0107 si\u0119 odpowiedzialno\u015bci\u0105 \u2013 zaprojektujemy dla Ciebie proste umowy z wykorzystaniem Legal Design!\",\"publisher\":{\"@id\":\"https:\/\/legally-designed.com\/#organization\"},\"potentialAction\":[{\"@type\":\"SearchAction\",\"target\":{\"@type\":\"EntryPoint\",\"urlTemplate\":\"https:\/\/legally-designed.com\/?s={search_term_string}\"},\"query-input\":{\"@type\":\"PropertyValueSpecification\",\"valueRequired\":true,\"valueName\":\"search_term_string\"}}],\"inLanguage\":\"en-US\"},{\"@type\":\"Organization\",\"@id\":\"https:\/\/legally-designed.com\/#organization\",\"name\":\"Legally Designed\",\"url\":\"https:\/\/legally-designed.com\/\",\"logo\":{\"@type\":\"ImageObject\",\"inLanguage\":\"en-US\",\"@id\":\"https:\/\/legally-designed.com\/#\/schema\/logo\/image\/\",\"url\":\"https:\/\/legally-designed.com\/wp-content\/uploads\/2025\/01\/logo.png\",\"contentUrl\":\"https:\/\/legally-designed.com\/wp-content\/uploads\/2025\/01\/logo.png\",\"width\":174,\"height\":28,\"caption\":\"Legally Designed\"},\"image\":{\"@id\":\"https:\/\/legally-designed.com\/#\/schema\/logo\/image\/\"},\"sameAs\":[\"https:\/\/www.facebook.com\/profile.php?id=61565695746356\",\"https:\/\/pl.pinterest.com\/LegallyDesigned\/\",\"https:\/\/www.instagram.com\/legally.designed\/\",\"https:\/\/www.linkedin.com\/company\/legally-designed-law-firm\/\"]}]}<\/script>\n<!-- \/ Yoast SEO plugin. -->","yoast_head_json":{"title":"Polityka prywatno\u015bci Legally Designed - Legally Designed","robots":{"index":"index","follow":"follow","max-snippet":"max-snippet:-1","max-image-preview":"max-image-preview:large","max-video-preview":"max-video-preview:-1"},"canonical":"https:\/\/legally-designed.com\/en\/polityka-prywatnosci\/","og_locale":"en_US","og_type":"article","og_title":"Polityka prywatno\u015bci Legally Designed - Legally Designed","og_description":"Czym jest ten dokument? Jest to zbi\u00f3r zasad dotycz\u0105cych ochrony Twojej prywatno\u015bci w naszym serwisie. Opisujemy sposoby zbierania Twoich danych, to, jak z nich korzystamy, a tak\u017ce komu i na jakich zasadach mo\u017cemy je przekazywa\u0107. Piszemy te\u017c o prawach i mo\u017cliwo\u015bciach, jakie Ci przys\u0142uguj\u0105. Czym s\u0105 dane osobowe? To wszelkie dane, kt\u00f3re dotycz\u0105 zidentyfikowanej lub [&hellip;]","og_url":"https:\/\/legally-designed.com\/en\/polityka-prywatnosci\/","og_site_name":"Legally Designed","article_publisher":"https:\/\/www.facebook.com\/profile.php?id=61565695746356","article_modified_time":"2025-04-10T13:29:52+00:00","twitter_card":"summary_large_image","twitter_misc":{"Est. reading time":"7 minutes"},"schema":{"@context":"https:\/\/schema.org","@graph":[{"@type":"WebPage","@id":"https:\/\/legally-designed.com\/en\/polityka-prywatnosci\/","url":"https:\/\/legally-designed.com\/en\/polityka-prywatnosci\/","name":"Polityka prywatno\u015bci Legally Designed - Legally Designed","isPartOf":{"@id":"https:\/\/legally-designed.com\/#website"},"datePublished":"2024-10-29T11:45:23+00:00","dateModified":"2025-04-10T13:29:52+00:00","breadcrumb":{"@id":"https:\/\/legally-designed.com\/en\/polityka-prywatnosci\/#breadcrumb"},"inLanguage":"en-US","potentialAction":[{"@type":"ReadAction","target":["https:\/\/legally-designed.com\/en\/polityka-prywatnosci\/"]}]},{"@type":"BreadcrumbList","@id":"https:\/\/legally-designed.com\/en\/polityka-prywatnosci\/#breadcrumb","itemListElement":[{"@type":"ListItem","position":1,"name":"Strona g\u0142\u00f3wna","item":"https:\/\/legally-designed.com\/en\/"},{"@type":"ListItem","position":2,"name":"Polityka prywatno\u015bci Legally Designed"}]},{"@type":"WebSite","@id":"https:\/\/legally-designed.com\/#website","url":"https:\/\/legally-designed.com\/","name":"Legally Designed","description":"Wsp\u00f3\u0142pracuj z nami, aby budowa\u0107 biznes przysz\u0142o\u015bci, wprowadza\u0107 zr\u00f3wnowa\u017cony wzrost i wyr\u00f3\u017cnia\u0107 si\u0119 odpowiedzialno\u015bci\u0105 \u2013 zaprojektujemy dla Ciebie proste umowy z wykorzystaniem Legal Design!","publisher":{"@id":"https:\/\/legally-designed.com\/#organization"},"potentialAction":[{"@type":"SearchAction","target":{"@type":"EntryPoint","urlTemplate":"https:\/\/legally-designed.com\/?s={search_term_string}"},"query-input":{"@type":"PropertyValueSpecification","valueRequired":true,"valueName":"search_term_string"}}],"inLanguage":"en-US"},{"@type":"Organization","@id":"https:\/\/legally-designed.com\/#organization","name":"Legally Designed","url":"https:\/\/legally-designed.com\/","logo":{"@type":"ImageObject","inLanguage":"en-US","@id":"https:\/\/legally-designed.com\/#\/schema\/logo\/image\/","url":"https:\/\/legally-designed.com\/wp-content\/uploads\/2025\/01\/logo.png","contentUrl":"https:\/\/legally-designed.com\/wp-content\/uploads\/2025\/01\/logo.png","width":174,"height":28,"caption":"Legally Designed"},"image":{"@id":"https:\/\/legally-designed.com\/#\/schema\/logo\/image\/"},"sameAs":["https:\/\/www.facebook.com\/profile.php?id=61565695746356","https:\/\/pl.pinterest.com\/LegallyDesigned\/","https:\/\/www.instagram.com\/legally.designed\/","https:\/\/www.linkedin.com\/company\/legally-designed-law-firm\/"]}]}},"_links":{"self":[{"href":"https:\/\/legally-designed.com\/en\/wp-json\/wp\/v2\/pages\/2547","targetHints":{"allow":["GET"]}}],"collection":[{"href":"https:\/\/legally-designed.com\/en\/wp-json\/wp\/v2\/pages"}],"about":[{"href":"https:\/\/legally-designed.com\/en\/wp-json\/wp\/v2\/types\/page"}],"author":[{"embeddable":true,"href":"https:\/\/legally-designed.com\/en\/wp-json\/wp\/v2\/users\/1"}],"replies":[{"embeddable":true,"href":"https:\/\/legally-designed.com\/en\/wp-json\/wp\/v2\/comments?post=2547"}],"version-history":[{"count":1,"href":"https:\/\/legally-designed.com\/en\/wp-json\/wp\/v2\/pages\/2547\/revisions"}],"predecessor-version":[{"id":2548,"href":"https:\/\/legally-designed.com\/en\/wp-json\/wp\/v2\/pages\/2547\/revisions\/2548"}],"wp:attachment":[{"href":"https:\/\/legally-designed.com\/en\/wp-json\/wp\/v2\/media?parent=2547"}],"curies":[{"name":"wp","href":"https:\/\/api.w.org\/{rel}","templated":true}]}}